{"id":874,"date":"2017-06-30T11:02:37","date_gmt":"2017-06-30T09:02:37","guid":{"rendered":"https:\/\/maison-jeux.fr\/wp\/?page_id=874"},"modified":"2022-08-23T14:54:19","modified_gmt":"2022-08-23T12:54:19","slug":"entreprises","status":"publish","type":"page","link":"https:\/\/maison-jeux.fr\/wp\/professionnels\/entreprises","title":{"rendered":"Entreprises"},"content":{"rendered":"\n<div class=\"wp-block-columns is-layout-flex wp-container-core-columns-is-layout-1 wp-block-columns-is-layout-flex\">\n<div class=\"wp-block-column is-layout-flow wp-block-column-is-layout-flow\">\n<h1 class=\"wp-block-heading\">D\u00e9velopper la coh\u00e9sion d&rsquo;\u00e9quipe<\/h1>\n\n\n\n<h2 class=\"wp-block-heading\">Animations Team Building<\/h2>\n\n\n\n<p>Vous cherchez une id\u00e9e originale pour stimuler la <strong>coh\u00e9sion d&rsquo;\u00e9quipe<\/strong> de votre entreprise ? Nous vous proposons des activit\u00e9s sur mesure encadr\u00e9s par des professionnels pour renforcer la <strong>communication<\/strong>, la<strong> confiance<\/strong> et la <strong>cr\u00e9ativit\u00e9<\/strong> de vos \u00e9quipes :<br>&#8211; Ateliers \u00ab\u00a0Jeux de Coop\u00e9ration\u00a0\u00bb<br>&#8211; \u00ab\u00a0D\u00e9fi-Jeux\u00a0\u00bb \u00e0 relever en \u00e9quipe<\/p>\n\n\n\n<p>Nous vous accueillons dans nos locaux ou nous d\u00e9pla\u00e7ons dans votre structure.<\/p>\n<\/div>\n\n\n\n<div class=\"wp-block-column is-layout-flow wp-block-column-is-layout-flow\">\n<figure class=\"wp-block-image size-full\"><img loading=\"lazy\" decoding=\"async\" width=\"900\" height=\"614\" src=\"https:\/\/maison-jeux.fr\/wp\/wp-content\/uploads\/animation-jeux-team-building-entreprise-clermont.jpg\" alt=\"Animation jeux pour le team building de votre entreprise avec la Maison des Jeux de Clermont-Ferrand\" class=\"wp-image-1582\" srcset=\"https:\/\/maison-jeux.fr\/wp\/wp-content\/uploads\/animation-jeux-team-building-entreprise-clermont.jpg 900w, https:\/\/maison-jeux.fr\/wp\/wp-content\/uploads\/animation-jeux-team-building-entreprise-clermont-300x205.jpg 300w, https:\/\/maison-jeux.fr\/wp\/wp-content\/uploads\/animation-jeux-team-building-entreprise-clermont-768x524.jpg 768w\" sizes=\"(max-width: 900px) 100vw, 900px\" \/><\/figure>\n<\/div>\n<\/div>\n\n\n\n<div class=\"wp-block-columns is-layout-flex wp-container-core-columns-is-layout-2 wp-block-columns-is-layout-flex\">\n<div class=\"wp-block-column is-layout-flow wp-block-column-is-layout-flow\">\n<figure class=\"wp-block-image size-large\"><img loading=\"lazy\" decoding=\"async\" width=\"1024\" height=\"805\" src=\"https:\/\/maison-jeux.fr\/wp\/wp-content\/uploads\/Maxi-Flitzer-1-1024x805.jpg\" alt=\"\" class=\"wp-image-2237\" srcset=\"https:\/\/maison-jeux.fr\/wp\/wp-content\/uploads\/Maxi-Flitzer-1-1024x805.jpg 1024w, https:\/\/maison-jeux.fr\/wp\/wp-content\/uploads\/Maxi-Flitzer-1-300x236.jpg 300w, https:\/\/maison-jeux.fr\/wp\/wp-content\/uploads\/Maxi-Flitzer-1-768x603.jpg 768w\" sizes=\"(max-width: 1024px) 100vw, 1024px\" \/><\/figure>\n<\/div>\n\n\n\n<div class=\"wp-block-column is-layout-flow wp-block-column-is-layout-flow\">\n<h2 class=\"wp-block-heading\">Animation de temps festifs pour votre entreprise<\/h2>\n\n\n\n<p><strong>Arbre de No\u00ebl, Afterwork, \u00ab\u00a0Semaine du Bien-\u00eatre au travail\u00a0\u00bb<\/strong>, nous vous proposons de nombreux jeux adapt\u00e9s pour toutes ces occasions, encadr\u00e9s par des animateurs professionnels.<\/p>\n\n\n\n<h2 class=\"wp-block-heading\">Location de jeux en bois<\/h2>\n\n\n\n<p>Vous \u00eates soucieux du bien-\u00eatre de vos collaborateurs et de la convivialit\u00e9 de vos \u00e9quipes ? Et si vous proposiez des<strong> jeux d&rsquo;adresse en bois<\/strong> autour de la machine \u00e0 caf\u00e9 ?<\/p>\n\n\n\n<p>Nos <strong>beaux jeux en bois d&rsquo;\u00e9b\u00e9niste<\/strong> sont disponibles \u00e0 la location sur de courtes ou longues dur\u00e9es et sauront trouver leur place dans votre entreprise.<\/p>\n<\/div>\n<\/div>\n","protected":false},"excerpt":{"rendered":"<p>D\u00e9velopper la coh\u00e9sion d&rsquo;\u00e9quipe Animations Team Building Vous cherchez une id\u00e9e originale pour stimuler la coh\u00e9sion d&rsquo;\u00e9quipe de votre entreprise ? Nous vous proposons des activit\u00e9s sur mesure encadr\u00e9s par des professionnels pour renforcer la communication, la confiance et la cr\u00e9ativit\u00e9 de vos \u00e9quipes :&#8211; Ateliers \u00ab\u00a0Jeux de Coop\u00e9ration\u00a0\u00bb&#8211; \u00ab\u00a0D\u00e9fi-Jeux\u00a0\u00bb \u00e0 relever en \u00e9quipe Nous [&hellip;]<\/p>\n","protected":false},"author":3,"featured_media":0,"parent":1763,"menu_order":0,"comment_status":"closed","ping_status":"closed","template":"","meta":{"footnotes":""},"class_list":["post-874","page","type-page","status-publish","hentry"],"aioseo_notices":[],"_links":{"self":[{"href":"https:\/\/maison-jeux.fr\/wp\/wp-json\/wp\/v2\/pages\/874"}],"collection":[{"href":"https:\/\/maison-jeux.fr\/wp\/wp-json\/wp\/v2\/pages"}],"about":[{"href":"https:\/\/maison-jeux.fr\/wp\/wp-json\/wp\/v2\/types\/page"}],"author":[{"embeddable":true,"href":"https:\/\/maison-jeux.fr\/wp\/wp-json\/wp\/v2\/users\/3"}],"replies":[{"embeddable":true,"href":"https:\/\/maison-jeux.fr\/wp\/wp-json\/wp\/v2\/comments?post=874"}],"version-history":[{"count":50,"href":"https:\/\/maison-jeux.fr\/wp\/wp-json\/wp\/v2\/pages\/874\/revisions"}],"predecessor-version":[{"id":2437,"href":"https:\/\/maison-jeux.fr\/wp\/wp-json\/wp\/v2\/pages\/874\/revisions\/2437"}],"up":[{"embeddable":true,"href":"https:\/\/maison-jeux.fr\/wp\/wp-json\/wp\/v2\/pages\/1763"}],"wp:attachment":[{"href":"https:\/\/maison-jeux.fr\/wp\/wp-json\/wp\/v2\/media?parent=874"}],"curies":[{"name":"wp","href":"https:\/\/api.w.org\/{rel}","templated":true}]}}